{"id":8862,"date":"2025-01-12T19:34:50","date_gmt":"2025-01-12T19:34:50","guid":{"rendered":"https:\/\/www.oddo.cz\/?page_id=8862"},"modified":"2025-01-13T19:43:28","modified_gmt":"2025-01-13T19:43:28","slug":"home","status":"publish","type":"page","link":"https:\/\/www.oddo.cz\/","title":{"rendered":"Home"},"content":{"rendered":"<p>[et_pb_section fb_built=&#8220;1&#8243; module_class=&#8220;custom_header_image&#8220; _builder_version=&#8220;4.27.4&#8243; background_color=&#8220;rgba(0,0,0,0.39)&#8220; background_image=&#8220;http:\/\/www.oddo.cz\/wp-content\/uploads\/2025\/01\/service-design.webp&#8220; parallax=&#8220;on&#8220; parallax_method=&#8220;off&#8220; global_colors_info=&#8220;{}&#8220;][et_pb_row column_structure=&#8220;2_3,1_3&#8243; custom_padding_last_edited=&#8220;on|phone&#8220; _builder_version=&#8220;4.16&#8243; custom_padding=&#8220;75px||175px|&#8220; custom_padding_tablet=&#8220;&#8220; custom_padding_phone=&#8220;50px||50px|&#8220; global_colors_info=&#8220;{}&#8220;][et_pb_column type=&#8220;2_3&#8243; _builder_version=&#8220;4.16&#8243; custom_padding=&#8220;|||&#8220; global_colors_info=&#8220;{}&#8220; custom_padding__hover=&#8220;|||&#8220;][et_pb_divider color=&#8220;#e2820b&#8220; divider_weight=&#8220;7&#8243; _builder_version=&#8220;4.16&#8243; max_width=&#8220;20%&#8220; module_alignment=&#8220;left&#8220; animation_style=&#8220;slide&#8220; animation_direction=&#8220;right&#8220; animation_intensity_slide=&#8220;25%&#8220; global_colors_info=&#8220;{}&#8220;][\/et_pb_divider][et_pb_text _builder_version=&#8220;4.27.4&#8243; text_font=&#8220;|on|||&#8220; text_font_size=&#8220;40&#8243; background_layout=&#8220;dark&#8220; custom_margin=&#8220;||15px|&#8220; animation_style=&#8220;slide&#8220; animation_direction=&#8220;left&#8220; animation_intensity_slide=&#8220;25%&#8220; text_font_size_tablet=&#8220;&#8220; text_font_size_phone=&#8220;20&#8243; text_font_size_last_edited=&#8220;on|phone&#8220; custom_css_main_element=&#8220;text-shadow: 1px 1px #000;&#8220; border_style=&#8220;solid&#8220; global_colors_info=&#8220;{}&#8220;]Va\u0161e radost je na\u0161\u00ed prioritou[\/et_pb_text][et_pb_text _builder_version=&#8220;4.27.4&#8243; text_font=&#8220;|on||on|&#8220; header_font=&#8220;|on|||&#8220; header_font_size=&#8220;70px&#8220; background_layout=&#8220;dark&#8220; animation_style=&#8220;slide&#8220; animation_direction=&#8220;right&#8220; animation_intensity_slide=&#8220;25%&#8220; header_font_size_tablet=&#8220;&#8220; header_font_size_phone=&#8220;40px&#8220; header_font_size_last_edited=&#8220;on|phone&#8220; custom_css_main_element=&#8220;text-shadow: 1px 1px #000;&#8220; border_style=&#8220;solid&#8220; global_colors_info=&#8220;{}&#8220;]<\/p>\n<h1>Albaraa Europe<\/h1>\n<p>[\/et_pb_text][et_pb_text _builder_version=&#8220;4.27.4&#8243; text_font=&#8220;|on|||&#8220; text_font_size=&#8220;40&#8243; background_layout=&#8220;dark&#8220; custom_margin=&#8220;||15px|&#8220; animation_style=&#8220;slide&#8220; animation_direction=&#8220;left&#8220; animation_intensity_slide=&#8220;25%&#8220; text_font_size_tablet=&#8220;&#8220; text_font_size_phone=&#8220;20&#8243; text_font_size_last_edited=&#8220;on|phone&#8220; custom_css_main_element=&#8220;text-shadow: 1px 1px #000;&#8220; border_style=&#8220;solid&#8220; global_colors_info=&#8220;{}&#8220;]na kter\u00e9 se m\u016f\u017eete spolehnout[\/et_pb_text][\/et_pb_column][et_pb_column type=&#8220;1_3&#8243; _builder_version=&#8220;4.16&#8243; custom_padding=&#8220;|||&#8220; global_colors_info=&#8220;{}&#8220; custom_padding__hover=&#8220;|||&#8220;][\/et_pb_column][\/et_pb_row][\/et_pb_section][et_pb_section fb_built=&#8220;1&#8243; _builder_version=&#8220;4.16&#8243; background_color=&#8220;#3a4352&#8243; custom_padding=&#8220;20px||20px|&#8220; global_colors_info=&#8220;{}&#8220;][et_pb_row _builder_version=&#8220;4.16&#8243; custom_padding=&#8220;0px||0px|&#8220; global_colors_info=&#8220;{}&#8220;][et_pb_column type=&#8220;4_4&#8243; _builder_version=&#8220;4.16&#8243; custom_padding=&#8220;|||&#8220; global_colors_info=&#8220;{}&#8220; custom_padding__hover=&#8220;|||&#8220;][et_pb_text _builder_version=&#8220;4.27.4&#8243; text_font_size=&#8220;30&#8243; text_line_height=&#8220;1.1em&#8220; text_orientation=&#8220;center&#8220; background_layout=&#8220;dark&#8220; module_alignment=&#8220;center&#8220; animation_style=&#8220;slide&#8220; animation_direction=&#8220;bottom&#8220; animation_intensity_slide=&#8220;25%&#8220; text_font_size_tablet=&#8220;&#8220; text_font_size_phone=&#8220;16&#8243; text_font_size_last_edited=&#8220;on|phone&#8220; border_style=&#8220;solid&#8220; global_colors_info=&#8220;{}&#8220;]<\/p>\n<p>Va\u0161e spokojenost je na\u0161\u00edm c\u00edlem! Kontaktujte n\u00e1s na \u010d\u00edsle 77 55 11 323<\/p>\n<p>[\/et_pb_text][\/et_pb_column][\/et_pb_row][\/et_pb_section][et_pb_section fb_built=&#8220;1&#8243; _builder_version=&#8220;4.16&#8243; global_colors_info=&#8220;{}&#8220;][et_pb_row column_structure=&#8220;1_3,1_3,1_3&#8243; _builder_version=&#8220;4.16&#8243; animation_style=&#8220;slide&#8220; animation_direction=&#8220;bottom&#8220; animation_intensity_slide=&#8220;25%&#8220; global_colors_info=&#8220;{}&#8220;][et_pb_column type=&#8220;1_3&#8243; _builder_version=&#8220;4.16&#8243; custom_padding=&#8220;|||&#8220; global_colors_info=&#8220;{}&#8220; custom_padding__hover=&#8220;|||&#8220;][et_pb_image src=&#8220;http:\/\/www.oddo.cz\/wp-content\/uploads\/2025\/01\/247_112_original.jpg&#8220; title_text=&#8220;247_112_original&#8220; align_tablet=&#8220;center&#8220; align_phone=&#8220;&#8220; align_last_edited=&#8220;on|desktop&#8220; _builder_version=&#8220;4.27.4&#8243; border_style=&#8220;solid&#8220; always_center_on_mobile=&#8220;on&#8220; global_colors_info=&#8220;{}&#8220;][\/et_pb_image][et_pb_text _builder_version=&#8220;4.27.4&#8243; header_text_align=&#8220;center&#8220; custom_margin=&#8220;||3%|&#8220; border_style=&#8220;solid&#8220; global_colors_info=&#8220;{}&#8220;]<\/p>\n<h3>Celn\u00ed slu\u017eby<\/h3>\n<p>[\/et_pb_text][et_pb_divider color=&#8220;#e2820b&#8220; divider_weight=&#8220;5&#8243; _builder_version=&#8220;4.16&#8243; height=&#8220;13px&#8220; custom_margin=&#8220;||3%|&#8220; animation_direction=&#8220;right&#8220; global_colors_info=&#8220;{}&#8220;][\/et_pb_divider][et_pb_text _builder_version=&#8220;4.27.4&#8243; header_text_align=&#8220;left&#8220; module_alignment=&#8220;center&#8220; border_style=&#8220;solid&#8220; global_colors_info=&#8220;{}&#8220;]<\/p>\n<p style=\"text-align: justify;\"><span><strong>Celn\u00ed slu\u017eby<\/strong> jsou z\u00e1kladem na\u0161eho podnik\u00e1n\u00ed. Nab\u00edz\u00edme komplexn\u00ed \u0159e\u0161en\u00ed pro dovoz, v\u00fdvoz a tranzit zbo\u017e\u00ed, zahrnuj\u00edc\u00ed v\u0161echny pot\u0159ebn\u00e9 celn\u00ed formality. Zajist\u00edme hladk\u00fd pr\u016fb\u011bh celn\u00edch procedur. Na\u0161e odborn\u00e9 t\u00fdmy jsou p\u0159ipraveny pomoci v\u00e1m s ka\u017ed\u00fdm krokem celn\u00edho procesu.<\/span><\/p>\n<p>[\/et_pb_text][\/et_pb_column][et_pb_column type=&#8220;1_3&#8243; _builder_version=&#8220;4.16&#8243; custom_padding=&#8220;|||&#8220; global_colors_info=&#8220;{}&#8220; custom_padding__hover=&#8220;|||&#8220;][et_pb_image src=&#8220;http:\/\/www.oddo.cz\/wp-content\/uploads\/2025\/01\/ostatni_sluzby-480&#215;289-1.jpg&#8220; title_text=&#8220;Process automation to efficiently manage files. Businesswoman working on laptop with virtual screen. Online documentation database and document management system concept.\tInternet Technology.&#8220; align_tablet=&#8220;center&#8220; align_phone=&#8220;&#8220; align_last_edited=&#8220;on|desktop&#8220; _builder_version=&#8220;4.27.4&#8243; border_style=&#8220;solid&#8220; always_center_on_mobile=&#8220;on&#8220; global_colors_info=&#8220;{}&#8220;][\/et_pb_image][et_pb_text _builder_version=&#8220;4.27.4&#8243; module_alignment=&#8220;center&#8220; custom_margin=&#8220;||3%|&#8220; border_style=&#8220;solid&#8220; global_colors_info=&#8220;{}&#8220;]<\/p>\n<h3>P\u0159eklady<\/h3>\n<p>[\/et_pb_text][et_pb_divider color=&#8220;#e2820b&#8220; divider_weight=&#8220;5&#8243; _builder_version=&#8220;4.16&#8243; height=&#8220;13px&#8220; custom_margin=&#8220;||3%|&#8220; animation_direction=&#8220;right&#8220; global_colors_info=&#8220;{}&#8220;][\/et_pb_divider][et_pb_text _builder_version=&#8220;4.27.4&#8243; header_text_align=&#8220;left&#8220; module_alignment=&#8220;center&#8220; border_style=&#8220;solid&#8220; global_colors_info=&#8220;{}&#8220;]<\/p>\n<p style=\"text-align: justify;\"><span>P\u0159eklady<\/span><b><span>\u00a0<\/span>nejr\u016fzn\u011bj\u0161\u00edch text\u016f<\/b><span>\u00a0\u2013 obchodn\u00edch i osobn\u00edch dokument\u016f, smluv, technick\u00fdch dokumentac\u00ed, n\u00e1vod\u016f, etiket, dopis\u016f, webov\u00fdch str\u00e1nek a prezentac\u00ed, \u010dl\u00e1nk\u016f, um\u011bleck\u00fdch text\u016f a dal\u0161\u00ed. To je na\u0161e ka\u017edodenn\u00ed \u010dinnost.<\/span><\/p>\n<p>[\/et_pb_text][\/et_pb_column][et_pb_column type=&#8220;1_3&#8243; _builder_version=&#8220;4.16&#8243; custom_padding=&#8220;|||&#8220; global_colors_info=&#8220;{}&#8220; custom_padding__hover=&#8220;|||&#8220;][et_pb_image src=&#8220;http:\/\/www.oddo.cz\/wp-content\/uploads\/2025\/01\/service-design.webp&#8220; title_text=&#8220;service design&#8220; align_tablet=&#8220;center&#8220; align_phone=&#8220;&#8220; align_last_edited=&#8220;on|desktop&#8220; _builder_version=&#8220;4.27.4&#8243; border_style=&#8220;solid&#8220; always_center_on_mobile=&#8220;on&#8220; global_colors_info=&#8220;{}&#8220;][\/et_pb_image][et_pb_text _builder_version=&#8220;4.27.4&#8243; module_alignment=&#8220;center&#8220; custom_margin=&#8220;||3%|&#8220; border_style=&#8220;solid&#8220; global_colors_info=&#8220;{}&#8220;]<\/p>\n<h3>Zalo\u017een\u00ed spole\u010dnosti<\/h3>\n<p>[\/et_pb_text][et_pb_divider color=&#8220;#e2820b&#8220; divider_weight=&#8220;5&#8243; _builder_version=&#8220;4.16&#8243; height=&#8220;13px&#8220; custom_margin=&#8220;||3%|&#8220; animation_direction=&#8220;right&#8220; global_colors_info=&#8220;{}&#8220;][\/et_pb_divider][et_pb_text _builder_version=&#8220;4.27.4&#8243; header_text_align=&#8220;left&#8220; module_alignment=&#8220;center&#8220; border_style=&#8220;solid&#8220; global_colors_info=&#8220;{}&#8220;]<\/p>\n<p style=\"text-align: justify;\"><span>Nab\u00edz\u00edme\u00a0<\/span><strong>komplexn\u00ed zalo\u017een\u00ed pr\u00e1vnick\u00e9 osoby<\/strong><span>\u00a0p\u0159esn\u011b podle va\u0161ich specifikac\u00ed,\u00a0<\/span><strong>specializujeme se na s.r.o., a.s. i neziskov\u00e9 organizace<\/strong><span>.<\/span><br \/><span>S n\u00e1mi\u00a0<\/span><strong>z\u00edsk\u00e1te jistotu<\/strong><span>\u00a0rychl\u00e9ho a\u00a0bezprobl\u00e9mov\u00e9ho pr\u016fb\u011bhu procesu, v\u010detn\u011b\u00a0<\/span><strong>d\u016fkladn\u00e9ho poradenstv\u00ed<\/strong><span>\u00a0pro spr\u00e1vnou organiza\u010dn\u00ed strukturu.<\/span><\/p>\n<p>[\/et_pb_text][\/et_pb_column][\/et_pb_row][\/et_pb_section][et_pb_section fb_built=&#8220;1&#8243; specialty=&#8220;on&#8220; padding_top_2=&#8220;100px&#8220; padding_2_tablet=&#8220;&#8220; padding_2_phone=&#8220;0px|||&#8220; padding_2_last_edited=&#8220;on|phone&#8220; _builder_version=&#8220;4.16&#8243; background_color=&#8220;#3a4352&#8243; background_image=&#8220;http:\/\/www.oddo.cz\/wp-content\/uploads\/2025\/01\/1920&#215;1080-dark-blue.jpg&#8220; parallax=&#8220;on&#8220; parallax_method=&#8220;off&#8220; global_colors_info=&#8220;{}&#8220;][et_pb_column type=&#8220;1_2&#8243; specialty_columns=&#8220;2&#8243; _builder_version=&#8220;4.16&#8243; custom_padding=&#8220;|||&#8220; global_colors_info=&#8220;{}&#8220; custom_padding__hover=&#8220;|||&#8220;][et_pb_row_inner column_structure=&#8220;1_2,1_2&#8243; disabled_on=&#8220;on||&#8220; admin_label=&#8220;Row&#8220; _builder_version=&#8220;4.16&#8243; background_color=&#8220;rgba(252,180,0,0)&#8220; custom_margin=&#8220;||0px|&#8220; custom_padding=&#8220;||0px|&#8220; global_colors_info=&#8220;{}&#8220;][et_pb_column_inner type=&#8220;1_2&#8243; saved_specialty_column_type=&#8220;1_2&#8243; _builder_version=&#8220;4.16&#8243; background_color=&#8220;rgba(252,180,0,0)&#8220; custom_padding=&#8220;|||&#8220; global_colors_info=&#8220;{}&#8220; custom_padding__hover=&#8220;|||&#8220;][et_pb_image src=&#8220;http:\/\/www.oddo.cz\/wp-content\/uploads\/2025\/01\/logo-albaraa-e1736716356363.png&#8220; title_text=&#8220;logo albaraa&#8220; align=&#8220;right&#8220; align_tablet=&#8220;center&#8220; align_phone=&#8220;&#8220; align_last_edited=&#8220;on|desktop&#8220; _builder_version=&#8220;4.27.4&#8243; max_width=&#8220;70%&#8220; module_alignment=&#8220;right&#8220; animation_style=&#8220;roll&#8220; animation_direction=&#8220;left&#8220; animation_delay=&#8220;300ms&#8220; animation_intensity_roll=&#8220;20%&#8220; custom_css_main_element=&#8220; box-shadow: 10px 20px 50px rgba(0, 0, 0, 0.44);&#8220; border_width_all=&#8220;7px&#8220; border_color_all=&#8220;#ffffff&#8220; border_style_all=&#8220;solid&#8220; use_border_color=&#8220;on&#8220; border_width=&#8220;7px&#8220; border_style=&#8220;solid&#8220; always_center_on_mobile=&#8220;on&#8220; global_colors_info=&#8220;{}&#8220;][\/et_pb_image][\/et_pb_column_inner][et_pb_column_inner type=&#8220;1_2&#8243; saved_specialty_column_type=&#8220;1_2&#8243; _builder_version=&#8220;4.16&#8243; custom_padding=&#8220;|||&#8220; custom_css_main_element=&#8220;z-index: 9;||;&#8220; global_colors_info=&#8220;{}&#8220; custom_padding__hover=&#8220;|||&#8220;][et_pb_image src=&#8220;http:\/\/www.oddo.cz\/wp-content\/uploads\/2025\/01\/banner2.jpg&#8220; title_text=&#8220;banner2&#8243; align_tablet=&#8220;center&#8220; align_phone=&#8220;&#8220; align_last_edited=&#8220;on|desktop&#8220; _builder_version=&#8220;4.27.4&#8243; background_color=&#8220;rgba(255,255,255,0)&#8220; max_width=&#8220;80%&#8220; custom_margin=&#8220;50px|||-100px&#8220; animation_style=&#8220;roll&#8220; animation_direction=&#8220;left&#8220; animation_delay=&#8220;300ms&#8220; animation_intensity_roll=&#8220;20%&#8220; custom_css_main_element=&#8220; box-shadow: 10px 20px 50px rgba(0, 0, 0, 0.44);&#8220; border_width_all=&#8220;7px&#8220; border_color_all=&#8220;#ffffff&#8220; border_style_all=&#8220;solid&#8220; use_border_color=&#8220;on&#8220; border_width=&#8220;7px&#8220; border_style=&#8220;solid&#8220; always_center_on_mobile=&#8220;on&#8220; global_colors_info=&#8220;{}&#8220;][\/et_pb_image][\/et_pb_column_inner][\/et_pb_row_inner][et_pb_row_inner column_structure=&#8220;1_2,1_2&#8243; disabled_on=&#8220;on||&#8220; admin_label=&#8220;Row&#8220; _builder_version=&#8220;4.16&#8243; custom_margin=&#8220;0px|||&#8220; custom_padding=&#8220;0px||0px|&#8220; global_colors_info=&#8220;{}&#8220;][et_pb_column_inner type=&#8220;1_2&#8243; saved_specialty_column_type=&#8220;1_2&#8243; _builder_version=&#8220;4.16&#8243; custom_padding=&#8220;|||&#8220; custom_css_main_element=&#8220;z-index: 5;&#8220; global_colors_info=&#8220;{}&#8220; custom_padding__hover=&#8220;|||&#8220;][et_pb_image src=&#8220;http:\/\/www.oddo.cz\/wp-content\/uploads\/2025\/01\/1000&#215;1000.jpg&#8220; align=&#8220;right&#8220; align_tablet=&#8220;center&#8220; align_phone=&#8220;&#8220; align_last_edited=&#8220;on|desktop&#8220; _builder_version=&#8220;4.16&#8243; max_width=&#8220;90%&#8220; module_alignment=&#8220;center&#8220; custom_margin=&#8220;-25px|||&#8220; animation_style=&#8220;roll&#8220; animation_direction=&#8220;right&#8220; animation_delay=&#8220;300ms&#8220; animation_intensity_roll=&#8220;20%&#8220; custom_css_main_element=&#8220; box-shadow: 10px 20px 50px rgba(0, 0, 0, 0.44);&#8220; border_width_all=&#8220;7px&#8220; border_color_all=&#8220;#ffffff&#8220; border_style_all=&#8220;solid&#8220; use_border_color=&#8220;on&#8220; border_width=&#8220;7px&#8220; border_style=&#8220;solid&#8220; always_center_on_mobile=&#8220;on&#8220; global_colors_info=&#8220;{}&#8220;][\/et_pb_image][\/et_pb_column_inner][et_pb_column_inner type=&#8220;1_2&#8243; saved_specialty_column_type=&#8220;1_2&#8243; _builder_version=&#8220;4.16&#8243; custom_padding=&#8220;|||&#8220; custom_css_main_element=&#8220;z-index: 5;&#8220; global_colors_info=&#8220;{}&#8220; custom_padding__hover=&#8220;|||&#8220;][et_pb_image src=&#8220;http:\/\/www.oddo.cz\/wp-content\/uploads\/2025\/01\/service-design.webp&#8220; title_text=&#8220;service design&#8220; align=&#8220;center&#8220; align_tablet=&#8220;center&#8220; align_phone=&#8220;&#8220; align_last_edited=&#8220;on|desktop&#8220; _builder_version=&#8220;4.27.4&#8243; max_width=&#8220;60%&#8220; custom_margin=&#8220;-75px|||&#8220; animation_style=&#8220;roll&#8220; animation_direction=&#8220;left&#8220; animation_delay=&#8220;300ms&#8220; animation_intensity_roll=&#8220;20%&#8220; custom_css_main_element=&#8220; box-shadow: 10px 20px 50px rgba(0, 0, 0, 0.44);&#8220; border_width_all=&#8220;7px&#8220; border_color_all=&#8220;#ffffff&#8220; border_style_all=&#8220;solid&#8220; use_border_color=&#8220;on&#8220; border_width=&#8220;7px&#8220; border_style=&#8220;solid&#8220; always_center_on_mobile=&#8220;on&#8220; global_colors_info=&#8220;{}&#8220;][\/et_pb_image][\/et_pb_column_inner][\/et_pb_row_inner][et_pb_row_inner disabled_on=&#8220;on||&#8220; admin_label=&#8220;Row&#8220; _builder_version=&#8220;4.16&#8243; custom_margin=&#8220;0px|||&#8220; custom_padding=&#8220;0px|||&#8220; global_colors_info=&#8220;{}&#8220;][et_pb_column_inner saved_specialty_column_type=&#8220;1_2&#8243; _builder_version=&#8220;4.16&#8243; custom_padding=&#8220;|||&#8220; custom_css_main_element=&#8220;z-index: 99;&#8220; global_colors_info=&#8220;{}&#8220; custom_padding__hover=&#8220;|||&#8220;][et_pb_image src=&#8220;http:\/\/www.oddo.cz\/wp-content\/uploads\/2025\/01\/budova3.png&#8220; title_text=&#8220;budova3&#8243; align=&#8220;right&#8220; align_tablet=&#8220;center&#8220; align_phone=&#8220;&#8220; align_last_edited=&#8220;on|desktop&#8220; _builder_version=&#8220;4.27.4&#8243; max_width=&#8220;60%&#8220; custom_margin=&#8220;-75px|75px||&#8220; animation_style=&#8220;roll&#8220; animation_direction=&#8220;bottom&#8220; animation_delay=&#8220;300ms&#8220; animation_intensity_roll=&#8220;20%&#8220; custom_css_main_element=&#8220; box-shadow: 10px 20px 50px rgba(0, 0, 0, 0.44);&#8220; border_width_all=&#8220;7px&#8220; border_color_all=&#8220;#ffffff&#8220; border_style_all=&#8220;solid&#8220; use_border_color=&#8220;on&#8220; border_width=&#8220;7px&#8220; border_style=&#8220;solid&#8220; always_center_on_mobile=&#8220;on&#8220; global_colors_info=&#8220;{}&#8220;][\/et_pb_image][\/et_pb_column_inner][\/et_pb_row_inner][\/et_pb_column][et_pb_column type=&#8220;1_2&#8243; _builder_version=&#8220;4.16&#8243; custom_padding=&#8220;|||&#8220; global_colors_info=&#8220;{}&#8220; custom_padding__hover=&#8220;|||&#8220;][et_pb_text _builder_version=&#8220;4.27.4&#8243; text_font_size=&#8220;16&#8243; text_line_height=&#8220;1.8em&#8220; background_layout=&#8220;dark&#8220; animation_style=&#8220;slide&#8220; animation_direction=&#8220;bottom&#8220; animation_intensity_slide=&#8220;25%&#8220; border_style=&#8220;solid&#8220; global_colors_info=&#8220;{}&#8220;]<\/p>\n<h2>Pro\u010d n\u00e1s vybrat<\/h2>\n<p>[\/et_pb_text][et_pb_text _builder_version=&#8220;4.27.4&#8243; text_font_size=&#8220;16&#8243; text_line_height=&#8220;1.8em&#8220; background_layout=&#8220;dark&#8220; animation_style=&#8220;slide&#8220; animation_direction=&#8220;bottom&#8220; animation_intensity_slide=&#8220;25%&#8220; border_style=&#8220;solid&#8220; global_colors_info=&#8220;{}&#8220;]<\/p>\n<p>Na\u0161e slu\u017eby jsou navr\u017eeny tak, aby splnily pot\u0159eby ka\u017ed\u00e9ho klienta. V\u011b\u0159\u00edme, \u017ee osobn\u00ed p\u0159\u00edstup a pozornost k detail\u016fm jsou kl\u00ed\u010dem k \u00fasp\u011bchu. Proto se sna\u017e\u00edme porozum\u011bt va\u0161im po\u017eadavk\u016fm a p\u0159izp\u016fsobit na\u0161e slu\u017eby tak, aby co nejl\u00e9pe odpov\u00eddaly va\u0161im o\u010dek\u00e1v\u00e1n\u00edm. A\u0165 u\u017e pot\u0159ebujete p\u0159eklady, zalo\u017een\u00ed firmy nebo celn\u00ed slu\u017eby, jsme tu pro v\u00e1s s odborn\u00fdm poradenstv\u00edm a podporou na ka\u017ed\u00e9m kroku. Na\u0161\u00edm c\u00edlem je zajistit, aby va\u0161e zku\u0161enosti s n\u00e1mi byly co nejp\u0159\u00edjemn\u011bj\u0161\u00ed a nejefektivn\u011bj\u0161\u00ed. S n\u00e1mi se m\u016f\u017eete spolehnout na profesion\u00e1ln\u00ed p\u0159\u00edstup a vysokou kvalitu slu\u017eeb.<\/p>\n<p>[\/et_pb_text][\/et_pb_column][\/et_pb_section]<\/p>\n","protected":false},"excerpt":{"rendered":"<p>Va\u0161e radost je na\u0161\u00ed prioritouAlbaraa Europena kter\u00e9 se m\u016f\u017eete spolehnoutVa\u0161e spokojenost je na\u0161\u00edm c\u00edlem! Kontaktujte n\u00e1s na \u010d\u00edsle 77 55 11 323Celn\u00ed slu\u017ebyCeln\u00ed slu\u017eby jsou z\u00e1kladem na\u0161eho podnik\u00e1n\u00ed. Nab\u00edz\u00edme komplexn\u00ed \u0159e\u0161en\u00ed pro dovoz, v\u00fdvoz a tranzit zbo\u017e\u00ed, zahrnuj\u00edc\u00ed v\u0161echny pot\u0159ebn\u00e9 celn\u00ed formality. Zajist\u00edme hladk\u00fd pr\u016fb\u011bh celn\u00edch procedur. Na\u0161e odborn\u00e9 t\u00fdmy jsou p\u0159ipraveny pomoci v\u00e1m s [&hellip;]<\/p>\n","protected":false},"author":1,"featured_media":0,"parent":0,"menu_order":0,"comment_status":"closed","ping_status":"closed","template":"","meta":{"_et_pb_use_builder":"on","_et_pb_old_content":"","_et_gb_content_width":"","footnotes":""},"class_list":["post-8862","page","type-page","status-publish","hentry"],"_links":{"self":[{"href":"https:\/\/www.oddo.cz\/index.php?rest_route=\/wp\/v2\/pages\/8862","targetHints":{"allow":["GET"]}}],"collection":[{"href":"https:\/\/www.oddo.cz\/index.php?rest_route=\/wp\/v2\/pages"}],"about":[{"href":"https:\/\/www.oddo.cz\/index.php?rest_route=\/wp\/v2\/types\/page"}],"author":[{"embeddable":true,"href":"https:\/\/www.oddo.cz\/index.php?rest_route=\/wp\/v2\/users\/1"}],"replies":[{"embeddable":true,"href":"https:\/\/www.oddo.cz\/index.php?rest_route=%2Fwp%2Fv2%2Fcomments&post=8862"}],"version-history":[{"count":12,"href":"https:\/\/www.oddo.cz\/index.php?rest_route=\/wp\/v2\/pages\/8862\/revisions"}],"predecessor-version":[{"id":9040,"href":"https:\/\/www.oddo.cz\/index.php?rest_route=\/wp\/v2\/pages\/8862\/revisions\/9040"}],"wp:attachment":[{"href":"https:\/\/www.oddo.cz\/index.php?rest_route=%2Fwp%2Fv2%2Fmedia&parent=8862"}],"curies":[{"name":"wp","href":"https:\/\/api.w.org\/{rel}","templated":true}]}}