{"id":8866,"date":"2025-01-12T19:38:52","date_gmt":"2025-01-12T19:38:52","guid":{"rendered":"https:\/\/www.oddo.cz\/?page_id=8866"},"modified":"2025-01-13T09:52:51","modified_gmt":"2025-01-13T09:52:51","slug":"kdo-jsme","status":"publish","type":"page","link":"https:\/\/www.oddo.cz\/?page_id=8866","title":{"rendered":"Kdo jsme"},"content":{"rendered":"<p>[et_pb_section fb_built=&#8220;1&#8243; fullwidth=&#8220;on&#8220; module_class=&#8220;header_inner_shadow&#8220; _builder_version=&#8220;4.16&#8243; global_colors_info=&#8220;{}&#8220;][et_pb_fullwidth_header _builder_version=&#8220;4.27.4&#8243; background_color=&#8220;rgba(255, 255, 255, 0)&#8220; background_image=&#8220;http:\/\/www.oddo.cz\/wp-content\/uploads\/2025\/01\/budova3.png&#8220; parallax=&#8220;on&#8220; background_layout=&#8220;light&#8220; custom_padding=&#8220;150px||150px|&#8220; button_one_letter_spacing_hover=&#8220;0&#8243; button_two_letter_spacing_hover=&#8220;0&#8243; global_colors_info=&#8220;{}&#8220; button_one_text_size__hover_enabled=&#8220;off&#8220; button_two_text_size__hover_enabled=&#8220;off&#8220; button_one_text_color__hover_enabled=&#8220;off&#8220; button_two_text_color__hover_enabled=&#8220;off&#8220; button_one_border_width__hover_enabled=&#8220;off&#8220; button_two_border_width__hover_enabled=&#8220;off&#8220; button_one_border_color__hover_enabled=&#8220;off&#8220; button_two_border_color__hover_enabled=&#8220;off&#8220; button_one_border_radius__hover_enabled=&#8220;off&#8220; button_two_border_radius__hover_enabled=&#8220;off&#8220; button_one_letter_spacing__hover_enabled=&#8220;on&#8220; button_one_letter_spacing__hover=&#8220;0&#8243; button_two_letter_spacing__hover_enabled=&#8220;on&#8220; button_two_letter_spacing__hover=&#8220;0&#8243; button_one_bg_color__hover_enabled=&#8220;off&#8220; button_two_bg_color__hover_enabled=&#8220;off&#8220;][\/et_pb_fullwidth_header][\/et_pb_section][et_pb_section fb_built=&#8220;1&#8243; _builder_version=&#8220;4.16&#8243; global_colors_info=&#8220;{}&#8220;][et_pb_row custom_padding_last_edited=&#8220;on|phone&#8220; _builder_version=&#8220;4.16&#8243; custom_padding_tablet=&#8220;&#8220; custom_padding_phone=&#8220;||0px|&#8220; global_colors_info=&#8220;{}&#8220;][et_pb_column type=&#8220;4_4&#8243; _builder_version=&#8220;4.16&#8243; custom_padding=&#8220;|||&#8220; global_colors_info=&#8220;{}&#8220; custom_padding__hover=&#8220;|||&#8220;][et_pb_text _builder_version=&#8220;4.27.4&#8243; header_font=&#8220;|on|||&#8220; header_font_size=&#8220;60px&#8220; text_orientation=&#8220;center&#8220; module_alignment=&#8220;center&#8220; custom_margin=&#8220;||0px|&#8220; custom_padding=&#8220;||0px|&#8220; animation_style=&#8220;slide&#8220; animation_direction=&#8220;bottom&#8220; animation_delay=&#8220;300ms&#8220; animation_intensity_slide=&#8220;30%&#8220; header_font_size_tablet=&#8220;&#8220; header_font_size_phone=&#8220;40px&#8220; header_font_size_last_edited=&#8220;on|phone&#8220; border_style=&#8220;solid&#8220; global_colors_info=&#8220;{}&#8220;]<\/p>\n<h1>O N\u00e1s<\/h1>\n<p>&nbsp;<\/p>\n<p>[\/et_pb_text][et_pb_text _builder_version=&#8220;4.27.4&#8243; text_font=&#8220;|on|||&#8220; text_text_color=&#8220;#9b9b9b&#8220; text_font_size=&#8220;32&#8243; text_orientation=&#8220;center&#8220; module_alignment=&#8220;center&#8220; animation_style=&#8220;slide&#8220; animation_direction=&#8220;bottom&#8220; animation_delay=&#8220;300ms&#8220; animation_intensity_slide=&#8220;30%&#8220; text_font_size_tablet=&#8220;&#8220; text_font_size_phone=&#8220;24&#8243; text_font_size_last_edited=&#8220;on|phone&#8220; border_style=&#8220;solid&#8220; global_colors_info=&#8220;{}&#8220;]Spojme s\u00edly a vytvo\u0159me n\u011bco \u00fa\u017easn\u00e9ho[\/et_pb_text][et_pb_divider color=&#8220;#e2820b&#8220; divider_weight=&#8220;5&#8243; _builder_version=&#8220;4.16&#8243; max_width=&#8220;20%&#8220; module_alignment=&#8220;center&#8220; animation_style=&#8220;slide&#8220; animation_delay=&#8220;300ms&#8220; animation_intensity_slide=&#8220;30%&#8220; global_colors_info=&#8220;{}&#8220;][\/et_pb_divider][\/et_pb_column][\/et_pb_row][et_pb_row column_structure=&#8220;1_2,1_2&#8243; custom_padding_last_edited=&#8220;on|phone&#8220; _builder_version=&#8220;4.16&#8243; custom_padding=&#8220;|0px||0px&#8220; custom_padding_tablet=&#8220;&#8220; custom_padding_phone=&#8220;0px|0px||0px&#8220; animation_style=&#8220;slide&#8220; animation_direction=&#8220;bottom&#8220; animation_delay=&#8220;300ms&#8220; animation_intensity_slide=&#8220;30%&#8220; global_colors_info=&#8220;{}&#8220;][et_pb_column type=&#8220;1_2&#8243; _builder_version=&#8220;4.16&#8243; custom_padding=&#8220;|||&#8220; global_colors_info=&#8220;{}&#8220; custom_padding__hover=&#8220;|||&#8220;][et_pb_text _builder_version=&#8220;4.27.4&#8243; animation_direction=&#8220;bottom&#8220; border_style=&#8220;solid&#8220; global_colors_info=&#8220;{}&#8220;]<\/p>\n<p>Na\u0161e spole\u010dnost Albaraa Euope se py\u0161n\u00ed dlouholet\u00fdmi zku\u0161enostmi v oblasti slu\u017eeb pro cizince. Na\u0161\u00edm c\u00edlem je usnadnit \u017eivot lidem, kte\u0159\u00ed se rozhodli \u017e\u00edt a pracovat v \u010cesk\u00e9 republice. V\u011b\u0159\u00edme, \u017ee ka\u017ed\u00fd klient si zaslou\u017e\u00ed osobn\u00ed p\u0159\u00edstup a maxim\u00e1ln\u00ed podporu. Na\u0161e t\u00fdm odborn\u00edk\u016f je p\u0159ipraven poskytnout v\u00e1m komplexn\u00ed poradenstv\u00ed a asistenci ve v\u0161ech aspektech va\u0161eho pobytu. S n\u00e1mi se m\u016f\u017eete spolehnout na to, \u017ee va\u0161e pot\u0159eby budou v\u017edy na prvn\u00edm m\u00edst\u011b. P\u0159idejte se k n\u00e1m a objevte, jak m\u016f\u017eeme spole\u010dn\u011b dos\u00e1hnout va\u0161ich c\u00edl\u016f.<\/p>\n<p>[\/et_pb_text][\/et_pb_column][et_pb_column type=&#8220;1_2&#8243; _builder_version=&#8220;4.16&#8243; background_color=&#8220;#e2820b&#8220; custom_padding=&#8220;|||&#8220; global_colors_info=&#8220;{}&#8220; custom_padding__hover=&#8220;|||&#8220;][et_pb_image src=&#8220;http:\/\/www.oddo.cz\/wp-content\/uploads\/2025\/01\/budova.png&#8220; title_text=&#8220;budova&#8220; align_tablet=&#8220;center&#8220; align_phone=&#8220;&#8220; align_last_edited=&#8220;on|desktop&#8220; _builder_version=&#8220;4.27.4&#8243; custom_margin=&#8220;-15px|||-15px&#8220; custom_padding=&#8220;|15px|15px|&#8220; animation_direction=&#8220;bottom&#8220; border_style=&#8220;solid&#8220; always_center_on_mobile=&#8220;on&#8220; global_colors_info=&#8220;{}&#8220;][\/et_pb_image][\/et_pb_column][\/et_pb_row][\/et_pb_section][et_pb_section fb_built=&#8220;1&#8243; _builder_version=&#8220;4.16&#8243; custom_margin=&#8220;0px||0px|&#8220; custom_padding=&#8220;0px||0px|&#8220; global_colors_info=&#8220;{}&#8220;][et_pb_row column_structure=&#8220;2_3,1_3&#8243; use_custom_gutter=&#8220;on&#8220; gutter_width=&#8220;1&#8243; make_equal=&#8220;on&#8220; _builder_version=&#8220;4.16&#8243; custom_margin=&#8220;0px||75px|&#8220; custom_padding=&#8220;0px||0px|&#8220; animation_style=&#8220;zoom&#8220; animation_delay=&#8220;300ms&#8220; animation_intensity_zoom=&#8220;30%&#8220; custom_css_main_element=&#8220;box-shadow: 0px 20px 75px rgba(173,173,173,0.62);&#8220; global_colors_info=&#8220;{}&#8220;][et_pb_column type=&#8220;2_3&#8243; _builder_version=&#8220;4.16&#8243; background_color=&#8220;#3a4251&#8243; custom_padding=&#8220;50px||50px|&#8220; global_colors_info=&#8220;{}&#8220; custom_padding__hover=&#8220;|||&#8220;][et_pb_text _builder_version=&#8220;4.27.4&#8243; text_font=&#8220;|on|||&#8220; text_text_color=&#8220;#ffffff&#8220; text_font_size=&#8220;28&#8243; text_orientation=&#8220;center&#8220; background_layout=&#8220;dark&#8220; module_alignment=&#8220;center&#8220; text_font_size_tablet=&#8220;&#8220; text_font_size_phone=&#8220;20&#8243; text_font_size_last_edited=&#8220;on|phone&#8220; border_style=&#8220;solid&#8220; global_colors_info=&#8220;{}&#8220;]Va\u0161e p\u0159\u00e1n\u00ed je na\u0161\u00edm posl\u00e1n\u00edm[\/et_pb_text][\/et_pb_column][et_pb_column type=&#8220;1_3&#8243; _builder_version=&#8220;4.16&#8243; background_color=&#8220;#cecece&#8220; custom_padding=&#8220;50px||50px|&#8220; global_colors_info=&#8220;{}&#8220; custom_padding__hover=&#8220;|||&#8220;][\/et_pb_column][\/et_pb_row][\/et_pb_section][et_pb_section fb_built=&#8220;1&#8243; _builder_version=&#8220;4.16&#8243; background_color=&#8220;#f5f5f5&#8243; global_colors_info=&#8220;{}&#8220;][\/et_pb_section][et_pb_section fb_built=&#8220;1&#8243; _builder_version=&#8220;4.16&#8243; background_color=&#8220;#2c3140&#8243; background_image=&#8220;http:\/\/www.oddo.cz\/wp-content\/uploads\/2025\/01\/1920&#215;1080-orange.jpg&#8220; parallax=&#8220;on&#8220; parallax_method=&#8220;off&#8220; global_colors_info=&#8220;{}&#8220;][\/et_pb_section]<\/p>\n","protected":false},"excerpt":{"rendered":"<p>O N\u00e1s &nbsp;Spojme s\u00edly a vytvo\u0159me n\u011bco \u00fa\u017easn\u00e9hoNa\u0161e spole\u010dnost Albaraa Euope se py\u0161n\u00ed dlouholet\u00fdmi zku\u0161enostmi v oblasti slu\u017eeb pro cizince. Na\u0161\u00edm c\u00edlem je usnadnit \u017eivot lidem, kte\u0159\u00ed se rozhodli \u017e\u00edt a pracovat v \u010cesk\u00e9 republice. V\u011b\u0159\u00edme, \u017ee ka\u017ed\u00fd klient si zaslou\u017e\u00ed osobn\u00ed p\u0159\u00edstup a maxim\u00e1ln\u00ed podporu. Na\u0161e t\u00fdm odborn\u00edk\u016f je p\u0159ipraven poskytnout v\u00e1m komplexn\u00ed poradenstv\u00ed [&hellip;]<\/p>\n","protected":false},"author":1,"featured_media":0,"parent":0,"menu_order":0,"comment_status":"closed","ping_status":"closed","template":"","meta":{"_et_pb_use_builder":"on","_et_pb_old_content":"","_et_gb_content_width":"","footnotes":""},"class_list":["post-8866","page","type-page","status-publish","hentry"],"_links":{"self":[{"href":"https:\/\/www.oddo.cz\/index.php?rest_route=\/wp\/v2\/pages\/8866","targetHints":{"allow":["GET"]}}],"collection":[{"href":"https:\/\/www.oddo.cz\/index.php?rest_route=\/wp\/v2\/pages"}],"about":[{"href":"https:\/\/www.oddo.cz\/index.php?rest_route=\/wp\/v2\/types\/page"}],"author":[{"embeddable":true,"href":"https:\/\/www.oddo.cz\/index.php?rest_route=\/wp\/v2\/users\/1"}],"replies":[{"embeddable":true,"href":"https:\/\/www.oddo.cz\/index.php?rest_route=%2Fwp%2Fv2%2Fcomments&post=8866"}],"version-history":[{"count":7,"href":"https:\/\/www.oddo.cz\/index.php?rest_route=\/wp\/v2\/pages\/8866\/revisions"}],"predecessor-version":[{"id":9015,"href":"https:\/\/www.oddo.cz\/index.php?rest_route=\/wp\/v2\/pages\/8866\/revisions\/9015"}],"wp:attachment":[{"href":"https:\/\/www.oddo.cz\/index.php?rest_route=%2Fwp%2Fv2%2Fmedia&parent=8866"}],"curies":[{"name":"wp","href":"https:\/\/api.w.org\/{rel}","templated":true}]}}