{"id":8998,"date":"2025-01-13T09:26:14","date_gmt":"2025-01-13T09:26:14","guid":{"rendered":"https:\/\/www.oddo.cz\/?page_id=8998"},"modified":"2025-01-13T10:06:49","modified_gmt":"2025-01-13T10:06:49","slug":"zalozeni-firmy","status":"publish","type":"page","link":"https:\/\/www.oddo.cz\/?page_id=8998","title":{"rendered":"Zalo\u017een\u00ed firmy"},"content":{"rendered":"<p>[et_pb_section fb_built=&#8220;1&#8243; fullwidth=&#8220;on&#8220; module_class=&#8220;header_inner_shadow&#8220; _builder_version=&#8220;4.16&#8243; global_colors_info=&#8220;{}&#8220;][et_pb_fullwidth_header _builder_version=&#8220;4.27.4&#8243; background_color=&#8220;rgba(255, 255, 255, 0)&#8220; background_image=&#8220;http:\/\/www.oddo.cz\/wp-content\/uploads\/2025\/01\/247_112_original.jpg&#8220; parallax=&#8220;on&#8220; background_layout=&#8220;light&#8220; custom_padding=&#8220;150px||150px|&#8220; button_one_letter_spacing_hover=&#8220;0&#8243; button_two_letter_spacing_hover=&#8220;0&#8243; global_colors_info=&#8220;{}&#8220; button_one_text_size__hover_enabled=&#8220;off&#8220; button_two_text_size__hover_enabled=&#8220;off&#8220; button_one_text_color__hover_enabled=&#8220;off&#8220; button_two_text_color__hover_enabled=&#8220;off&#8220; button_one_border_width__hover_enabled=&#8220;off&#8220; button_two_border_width__hover_enabled=&#8220;off&#8220; button_one_border_color__hover_enabled=&#8220;off&#8220; button_two_border_color__hover_enabled=&#8220;off&#8220; button_one_border_radius__hover_enabled=&#8220;off&#8220; button_two_border_radius__hover_enabled=&#8220;off&#8220; button_one_letter_spacing__hover_enabled=&#8220;on&#8220; button_one_letter_spacing__hover=&#8220;0&#8243; button_two_letter_spacing__hover_enabled=&#8220;on&#8220; button_two_letter_spacing__hover=&#8220;0&#8243; button_one_bg_color__hover_enabled=&#8220;off&#8220; button_two_bg_color__hover_enabled=&#8220;off&#8220;][\/et_pb_fullwidth_header][\/et_pb_section][et_pb_section fb_built=&#8220;1&#8243; _builder_version=&#8220;4.16&#8243; global_colors_info=&#8220;{}&#8220;][et_pb_row custom_padding_last_edited=&#8220;on|desktop&#8220; _builder_version=&#8220;4.16&#8243; custom_margin=&#8220;||0px|&#8220; custom_padding=&#8220;||20px|&#8220; custom_padding_tablet=&#8220;||0px|&#8220; custom_padding_phone=&#8220;&#8220; animation_style=&#8220;slide&#8220; animation_direction=&#8220;bottom&#8220; animation_delay=&#8220;300ms&#8220; animation_intensity_slide=&#8220;30%&#8220; global_colors_info=&#8220;{}&#8220;][et_pb_column type=&#8220;4_4&#8243; _builder_version=&#8220;4.16&#8243; custom_padding=&#8220;|||&#8220; global_colors_info=&#8220;{}&#8220; custom_padding__hover=&#8220;|||&#8220;][et_pb_text _builder_version=&#8220;4.27.4&#8243; border_style=&#8220;solid&#8220; global_colors_info=&#8220;{}&#8220;]<\/p>\n<h1 class=\"page-header__title\">Zalo\u017een\u00ed spole\u010dnosti na kl\u00ed\u010d<\/h1>\n<p>[\/et_pb_text][\/et_pb_column][\/et_pb_row][et_pb_row column_structure=&#8220;2_3,1_3&#8243; _builder_version=&#8220;4.16&#8243; custom_margin=&#8220;0px|||&#8220; custom_padding=&#8220;0px|||&#8220; animation_style=&#8220;slide&#8220; animation_direction=&#8220;bottom&#8220; animation_delay=&#8220;300ms&#8220; animation_intensity_slide=&#8220;30%&#8220; global_colors_info=&#8220;{}&#8220;][et_pb_column type=&#8220;2_3&#8243; _builder_version=&#8220;4.16&#8243; custom_padding=&#8220;|||&#8220; global_colors_info=&#8220;{}&#8220; custom_padding__hover=&#8220;|||&#8220;][et_pb_text _builder_version=&#8220;4.27.4&#8243; border_style=&#8220;solid&#8220; global_colors_info=&#8220;{}&#8220;]<\/p>\n<p><strong>Zakl\u00e1d\u00e1me odborn\u011b, efektivn\u011b, nezat\u011b\u017eujeme V\u00e1s byrokraci\u00ed.<\/strong><\/p>\n<p>[\/et_pb_text][et_pb_text _builder_version=&#8220;4.27.4&#8243; border_style=&#8220;solid&#8220; global_colors_info=&#8220;{}&#8220;]<\/p>\n<p><strong>I\u010cO<\/strong><span>\u00a0m\u016f\u017eete m\u00edt\u00a0<\/span><strong>do 3-4 dn\u016f<\/strong><span>. Z\u00e1znamy do\u00a0<\/span><strong>Obchodn\u00edho rejst\u0159\u00edku i Evidence skute\u010dn\u00fdch majitel\u016f<\/strong><span>\u00a0provedeme rovnou u n\u00e1s.\u00a0<\/span><strong>\u017divnostensk\u00e1 opr\u00e1vn\u011bn\u00ed i registrace k dan\u00edm<\/strong><span>\u00a0zajist\u00edme samoz\u0159ejm\u011b tak\u00e9! Zalo\u017een\u00ed spole\u010dnosti je mo\u017en\u00e9 s Va\u0161\u00edm nebo i na\u0161\u00edm\u00a0<\/span><strong>z\u00e1kladn\u00edm kapit\u00e1lem<\/strong><span>. V p\u0159\u00edpad\u011b z\u00e1jmu v\u0161e zajist\u00edme na z\u00e1klad\u011b pln\u00e9 moci. M\u00edsto byrokracie se tak m\u016f\u017eete soust\u0159edit na podstatn\u00e9, tedy na\u00a0<\/span><strong>nastartov\u00e1n\u00ed \u00fasp\u011b\u0161n\u00e9ho podnik\u00e1n\u00ed<\/strong><span>. Zakl\u00e1d\u00e1me tak\u00e9 neziskovky, zapsan\u00fd \u00fastav, nadace, nada\u010dn\u00ed fondy nebo spolky.<\/span><\/p>\n<p>[\/et_pb_text][et_pb_text _builder_version=&#8220;4.27.4&#8243; border_style=&#8220;solid&#8220; global_colors_info=&#8220;{}&#8220;]<\/p>\n<h2 class=\"title is-1 has-text-weight-normal has-text-centered mb-3\"><strong>Ready \u2013 made spole\u010dnost<\/strong><span>\u00a0<\/span>vs. zalo\u017een\u00ed na kl\u00ed\u010d?<\/h2>\n<p>[\/et_pb_text][et_pb_text _builder_version=&#8220;4.27.4&#8243; border_style=&#8220;solid&#8220; global_colors_info=&#8220;{}&#8220;]<\/p>\n<p class=\"title is-1 has-text-weight-normal has-text-centered mb-3\"><strong>Ni\u017e\u0161\u00ed n\u00e1klady<\/strong><span>\u00a0jsou v\u00fdhodou\u00a0<\/span><strong>zalo\u017een\u00ed spole\u010dnosti<\/strong><span>\u00a0(oproti vyu\u017eit\u00ed\u00a0<\/span><strong>ready \u2013 made<\/strong><span>). Nev\u00fdhodou je pak\u00a0<\/span><strong>nutnost ihned splatit z\u00e1kladn\u00ed kapit\u00e1l<\/strong><span>\u00a0a je tak\u00e9 nutn\u00e9\u00a0<\/span><strong>vy\u010dkat a\u017e do z\u00e1pisu spole\u010dnosti do Obchodn\u00edho rejst\u0159\u00edku, registraci \u017eivnost\u00ed a dan\u00ed<\/strong><span>, zat\u00edmco\u00a0<\/span><strong>ready \u2013 made spole\u010dnost<\/strong><span>\u00a0m\u016f\u017eete za\u010d\u00edt pou\u017e\u00edvat\u00a0<\/span><strong>okam\u017eit\u011b<\/strong><span>.<\/span><\/p>\n<p>[\/et_pb_text][et_pb_text _builder_version=&#8220;4.27.4&#8243; border_style=&#8220;solid&#8220; global_colors_info=&#8220;{}&#8220;]<\/p>\n<h2 class=\"title is-1 has-text-weight-normal has-text-centered mb-3\"><strong>V\u00fdhody<\/strong><span>\u00a0<\/span>spole\u010dnosti na kl\u00ed\u010d<\/h2>\n<p>[\/et_pb_text][et_pb_text _builder_version=&#8220;4.27.4&#8243; border_style=&#8220;solid&#8220; global_colors_info=&#8220;{}&#8220;]<\/p>\n<p class=\"title is-1 has-text-weight-normal has-text-centered mb-3\"><span>Spole\u010dnost na kl\u00ed\u010d p\u0159in\u00e1\u0161\u00ed pro podnikatele \u0159adu\u00a0<\/span><strong>benefit\u016f<\/strong><span>. Hlavn\u00edmi v\u00fdhodami jsou odbornost a komplexnost poskytovan\u00fdch slu\u017eeb, tedy\u00a0<\/span><strong>vy\u0159\u00edzen\u00ed v\u0161eho na jednom m\u00edst\u011b<\/strong><span>. Zalo\u017een\u00ed spole\u010dnosti na kl\u00ed\u010d od\u00a0<\/span><strong>zku\u0161en\u00fdch profesion\u00e1l\u016f<\/strong><span>\u00a0garantuje\u00a0<\/span><strong>odborn\u00fd, rychl\u00fd a komfortn\u00ed pr\u016fb\u011bh<\/strong><span>\u00a0cel\u00e9ho procesu. M\u00edsto byrokracie se tak m\u016f\u017eete soust\u0159edit na podstatn\u00e9, tedy na\u00a0<\/span><strong>nastartov\u00e1n\u00ed \u010di rozvoj \u00fasp\u011b\u0161n\u00e9ho podnik\u00e1n\u00ed<\/strong><span>.<\/span><\/p>\n<p>[\/et_pb_text][\/et_pb_column][et_pb_column type=&#8220;1_3&#8243; _builder_version=&#8220;4.16&#8243; custom_padding=&#8220;|||&#8220; global_colors_info=&#8220;{}&#8220; custom_padding__hover=&#8220;|||&#8220;][et_pb_image src=&#8220;http:\/\/www.oddo.cz\/wp-content\/uploads\/2025\/01\/office-building.jpg&#8220; _builder_version=&#8220;4.27.4&#8243; _module_preset=&#8220;default&#8220; title_text=&#8220;office-building&#8220; hover_enabled=&#8220;0&#8243; sticky_enabled=&#8220;0&#8243;][\/et_pb_image][\/et_pb_column][\/et_pb_row][\/et_pb_section]<\/p>\n","protected":false},"excerpt":{"rendered":"<p>Zalo\u017een\u00ed spole\u010dnosti na kl\u00ed\u010dZakl\u00e1d\u00e1me odborn\u011b, efektivn\u011b, nezat\u011b\u017eujeme V\u00e1s byrokraci\u00ed.I\u010cO\u00a0m\u016f\u017eete m\u00edt\u00a0do 3-4 dn\u016f. Z\u00e1znamy do\u00a0Obchodn\u00edho rejst\u0159\u00edku i Evidence skute\u010dn\u00fdch majitel\u016f\u00a0provedeme rovnou u n\u00e1s.\u00a0\u017divnostensk\u00e1 opr\u00e1vn\u011bn\u00ed i registrace k dan\u00edm\u00a0zajist\u00edme samoz\u0159ejm\u011b tak\u00e9! Zalo\u017een\u00ed spole\u010dnosti je mo\u017en\u00e9 s Va\u0161\u00edm nebo i na\u0161\u00edm\u00a0z\u00e1kladn\u00edm kapit\u00e1lem. V p\u0159\u00edpad\u011b z\u00e1jmu v\u0161e zajist\u00edme na z\u00e1klad\u011b pln\u00e9 moci. M\u00edsto byrokracie se tak m\u016f\u017eete soust\u0159edit na [&hellip;]<\/p>\n","protected":false},"author":1,"featured_media":0,"parent":0,"menu_order":0,"comment_status":"closed","ping_status":"closed","template":"","meta":{"_et_pb_use_builder":"on","_et_pb_old_content":"","_et_gb_content_width":"","footnotes":""},"class_list":["post-8998","page","type-page","status-publish","hentry"],"_links":{"self":[{"href":"https:\/\/www.oddo.cz\/index.php?rest_route=\/wp\/v2\/pages\/8998","targetHints":{"allow":["GET"]}}],"collection":[{"href":"https:\/\/www.oddo.cz\/index.php?rest_route=\/wp\/v2\/pages"}],"about":[{"href":"https:\/\/www.oddo.cz\/index.php?rest_route=\/wp\/v2\/types\/page"}],"author":[{"embeddable":true,"href":"https:\/\/www.oddo.cz\/index.php?rest_route=\/wp\/v2\/users\/1"}],"replies":[{"embeddable":true,"href":"https:\/\/www.oddo.cz\/index.php?rest_route=%2Fwp%2Fv2%2Fcomments&post=8998"}],"version-history":[{"count":6,"href":"https:\/\/www.oddo.cz\/index.php?rest_route=\/wp\/v2\/pages\/8998\/revisions"}],"predecessor-version":[{"id":9019,"href":"https:\/\/www.oddo.cz\/index.php?rest_route=\/wp\/v2\/pages\/8998\/revisions\/9019"}],"wp:attachment":[{"href":"https:\/\/www.oddo.cz\/index.php?rest_route=%2Fwp%2Fv2%2Fmedia&parent=8998"}],"curies":[{"name":"wp","href":"https:\/\/api.w.org\/{rel}","templated":true}]}}